{"id":275,"date":"2014-08-10T21:48:57","date_gmt":"2014-08-10T21:48:57","guid":{"rendered":"http:\/\/www.cder.org.rs\/english\/?page_id=275"},"modified":"2014-08-10T21:48:57","modified_gmt":"2014-08-10T21:48:57","slug":"contact","status":"publish","type":"page","link":"https:\/\/www.cder.org.rs\/english\/contact\/","title":{"rendered":"Contact"},"content":{"rendered":"<h5><span style=\"color: #666699;\">Address:<\/span><br \/>\n<span style=\"color: #666699;\">Vuka Karad\u017ei\u0107a bb<\/span><br \/>\n<span style=\"color: #666699;\">T.C. &#8220;\u017dir&#8221;, prvi sprat,\u00a0<\/span><span style=\"color: #666699;\">lokal L-2<\/span><br \/>\n<span style=\"color: #666699;\">35000 Jagodina,\u00a0<\/span><span style=\"color: #666699;\">Serbia<\/span><\/h5>\n<p>Phone:<br \/>\n+381 35 8843 779<br \/>\nFax:<br \/>\n+381 35 8844 598<br \/>\nMobile:<br \/>\n+381 64 19 19 045<br \/>\n+381 62 425 718<br \/>\ne-mail:\u00a0<a class=\"kontakt_link\" title=\"office@cder.org.rs\" href=\"mailto:office@cder.org.rs\">office@cder.org.rs<\/a><\/p>\n","protected":false},"excerpt":{"rendered":"<p>Address: Vuka Karad\u017ei\u0107a bb T.C. &#8220;\u017dir&#8221;, prvi sprat,\u00a0lokal L-2 35000 Jagodina,\u00a0Serbia Phone: +381 35 8843 779 Fax: +381 35 8844 598 Mobile: +381 64 19 19 045 +381 62 425 718 e-mail:\u00a0office@cder.org.rs<\/p>\n","protected":false},"author":1,"featured_media":0,"parent":0,"menu_order":0,"comment_status":"closed","ping_status":"closed","template":"","meta":[],"_links":{"self":[{"href":"https:\/\/www.cder.org.rs\/english\/wp-json\/wp\/v2\/pages\/275"}],"collection":[{"href":"https:\/\/www.cder.org.rs\/english\/wp-json\/wp\/v2\/pages"}],"about":[{"href":"https:\/\/www.cder.org.rs\/english\/wp-json\/wp\/v2\/types\/page"}],"author":[{"embeddable":true,"href":"https:\/\/www.cder.org.rs\/english\/wp-json\/wp\/v2\/users\/1"}],"replies":[{"embeddable":true,"href":"https:\/\/www.cder.org.rs\/english\/wp-json\/wp\/v2\/comments?post=275"}],"version-history":[{"count":1,"href":"https:\/\/www.cder.org.rs\/english\/wp-json\/wp\/v2\/pages\/275\/revisions"}],"predecessor-version":[{"id":276,"href":"https:\/\/www.cder.org.rs\/english\/wp-json\/wp\/v2\/pages\/275\/revisions\/276"}],"wp:attachment":[{"href":"https:\/\/www.cder.org.rs\/english\/wp-json\/wp\/v2\/media?parent=275"}],"curies":[{"name":"wp","href":"https:\/\/api.w.org\/{rel}","templated":true}]}}