{"id":57,"date":"2014-08-03T21:38:38","date_gmt":"2014-08-03T21:38:38","guid":{"rendered":"http:\/\/www.cder.org.rs\/english\/?page_id=57"},"modified":"2023-06-01T13:35:58","modified_gmt":"2023-06-01T13:35:58","slug":"networking","status":"publish","type":"page","link":"https:\/\/www.cder.org.rs\/english\/networking\/","title":{"rendered":"Networking"},"content":{"rendered":"<p>CDER is the founder and member of the National Association of Youth Work Practitioners (NAPOR), co-founder of the Serbian Youth Umbrella Organization (KOMS) and a member of Youth Peer Education Network which is based in Belgrade.<\/p>\n<p>CDER is a member of the Association of Small and Medium-Sized Enterprises and Entrepreneurs of Serbia (APPS). Within the Association, CDER works in partnership with craft companies and SMEs to improve employability and business development services.<\/p>\n<p>In addition, CDER operates with an informal, but one of the most operational regional networks of civil society; the network is in the Pomoravlje district.<\/p>\n<p>Through a series of agreements and protocols CDER has an active project or strategic partnership with 14 local governments, 25 public institutions (mainly with the Centers for Social Work, National Employment Services, cultural institutions, several schools &#8230;) and with over 30 civic associations.<\/p>\n<p><strong>STRATEGIC PARTNERS<\/strong><br \/>\nCentralna Development Initiative, Jagodina<br \/>\nNGO Panacea, Belgrade<br \/>\nAssociation for the Development of \u017dagabica Municipality<br \/>\nYoung Farmers of Serbia, Jagodina<\/p>\n<p><strong>ORGANISATIONS<\/strong><br \/>\nInternational Aid Network, Belgrade<br \/>\nCommon Association of Enterpreneurs, Leskovac<br \/>\nNGO Edukacioni centar, Leskovac<br \/>\nNGO Edukativni centar, Kru\u0161evac<br \/>\nNGO \u0160ansa, Po\u017earevac<br \/>\nNGO Centralna razvojna inicijativa, Jagodina<br \/>\nNGO Dru\u0161tvo Roma Brani\u010devski okrug, Po\u017earevac<br \/>\nNGO Udru\u017eenje Roma Velika Plana, Velika Plana<br \/>\nNGO Zaje\u010darska inicijativa, Zaje\u010dar<br \/>\nNGO Timo\u010dki omladinski klub, Zaje\u010dar<br \/>\nNGO Omladina JAZAS-a, Kragujevac<br \/>\nNGO Centar za samostalni \u017eivot invalida, Jagodina<br \/>\nNGO De\u010diji Vidici, Para\u0107in<br \/>\nNGO Centar za edukaciju &#8220;Osmeh&#8221;, Vlasotince<br \/>\nNGO Volonterski koraci, Topola<br \/>\nNGO Caritas, Valjevo<br \/>\nSociety for cerebral palsy, Valjevo<br \/>\nNGO &#8221;Sun\u010dev zrak&#8221;, Ra\u017eanj<\/p>\n<p><strong>NETWORKS AND ASSOCIATIONS<\/strong><br \/>\nNetwork of Social Services Provides in Serbia\u00a0&#8211;\u00a0CONECTA<br \/>\nSerbian Employers Association of SME and Entrepreneurs (SEA-SMEE)<br \/>\nNational Association of Youth Work Practitioners (NAPOR)<br \/>\nSerbian Youth Umbrella Organization (KOMS)<br \/>\nYouth Peer Education Network (Y-PEER)<\/p>\n<p><strong>CITIES AND MUNICIPALITIES<\/strong><br \/>\nCity of Jagodina<br \/>\nMunicipality Para\u0107in<br \/>\nMunicipality \u0106uprija<br \/>\nMunicipality Svilajnac<br \/>\nMunicipality Despotovac<br \/>\nMunicipality Rekovac<br \/>\nMunicipality Kur\u0161umlija<br \/>\nMunicipality \u017dabari<br \/>\nMunicipality \u017dagubica<br \/>\nMunicipality \u0106i\u0107evac<br \/>\nMunicipality Boljevac<br \/>\nCity of Valjevo<br \/>\nMunicipality of Ra\u017eanj<\/p>\n<p><strong>YOUTH OFFICES<\/strong><br \/>\nYouth Office Velika Plana<br \/>\nYouth Office Lapovo<br \/>\nYouth Office Despotovac<br \/>\nYouth Office \u0106uprija<br \/>\nYouth Office Svilajnac<br \/>\nYouth Office Rekovac<br \/>\nYouth Office Para\u0107in<br \/>\nYouth Office Varvarin<br \/>\nYouth Office Aleksandrovac<br \/>\nYouth Office Aleksinac<br \/>\nYouth Office Kur\u0161umlija<br \/>\nYouth Office Knja\u017eevac<br \/>\nYouth Office Trgovi\u0161te<\/p>\n<p><strong>INSTITUTIONS<\/strong><br \/>\nCenter for Social Work Jagodina<br \/>\nCenter for Social Work Para\u0107in<br \/>\nCenter for Social Work \u0106uprija<br \/>\nCenter for Social Work Svilajnac<br \/>\nCenter for Social Work Despotovac<br \/>\nCenter for Social Work Rekovac<br \/>\nCenter for Social Work \u017dabari<br \/>\nCenter for Social Work Bor<br \/>\nCenter for Social Work Zaje\u010dar<br \/>\nCenter for Social Work Boljevac<br \/>\nCenter for Social Work Novi Pazar<br \/>\nCenter for Social Work Knja\u017eevac<br \/>\nCenter for Social Work Po\u017earevac<br \/>\nCenter for Social Work Majdanpek<br \/>\nCenter for Social Work Negotin<br \/>\nCenter for Social Work Aleksinac<br \/>\nCenter for Social Work Ra\u017eanj<br \/>\nRed Cross Jagodina<br \/>\nRed Cross Svilajnac<br \/>\nRed Cross Rekovac<br \/>\nRed Cross Kur\u0161umlija<br \/>\nVeliko Gradi\u0161te Publc Library<br \/>\nJagodina Public Library<br \/>\nBor Public Library<br \/>\nMuseum of the Battle of the Drina, Banja Kovilja\u010da<br \/>\nCultural Centre Sopot<\/p>\n","protected":false},"excerpt":{"rendered":"<p>CDER is the founder and member of the National Association of Youth Work Practitioners (NAPOR), co-founder of the Serbian Youth Umbrella Organization (KOMS) and a member of Youth Peer Education Network which is based in Belgrade. CDER is a member of the Association of Small and Medium-Sized Enterprises and Entrepreneurs of Serbia (APPS). Within the [&hellip;]<\/p>\n","protected":false},"author":1,"featured_media":0,"parent":0,"menu_order":0,"comment_status":"closed","ping_status":"closed","template":"","meta":[],"_links":{"self":[{"href":"https:\/\/www.cder.org.rs\/english\/wp-json\/wp\/v2\/pages\/57"}],"collection":[{"href":"https:\/\/www.cder.org.rs\/english\/wp-json\/wp\/v2\/pages"}],"about":[{"href":"https:\/\/www.cder.org.rs\/english\/wp-json\/wp\/v2\/types\/page"}],"author":[{"embeddable":true,"href":"https:\/\/www.cder.org.rs\/english\/wp-json\/wp\/v2\/users\/1"}],"replies":[{"embeddable":true,"href":"https:\/\/www.cder.org.rs\/english\/wp-json\/wp\/v2\/comments?post=57"}],"version-history":[{"count":17,"href":"https:\/\/www.cder.org.rs\/english\/wp-json\/wp\/v2\/pages\/57\/revisions"}],"predecessor-version":[{"id":472,"href":"https:\/\/www.cder.org.rs\/english\/wp-json\/wp\/v2\/pages\/57\/revisions\/472"}],"wp:attachment":[{"href":"https:\/\/www.cder.org.rs\/english\/wp-json\/wp\/v2\/media?parent=57"}],"curies":[{"name":"wp","href":"https:\/\/api.w.org\/{rel}","templated":true}]}}