{"id":1048,"date":"2014-07-30T12:45:08","date_gmt":"2014-07-30T12:45:08","guid":{"rendered":"http:\/\/www.cder.org.rs\/srpski\/?page_id=1048"},"modified":"2014-07-30T12:45:08","modified_gmt":"2014-07-30T12:45:08","slug":"o-nama","status":"publish","type":"page","link":"https:\/\/www.cder.org.rs\/srpski\/o-nama\/","title":{"rendered":"O nama"},"content":{"rendered":"<p>Centar za dru\u0161tveno ekonomski razvoj \u2013 CDER je nevladina organizacija sa sedi\u0161tem u Jagodini. Osnovana je 2005. godine, na inicijativu kvalifikovanih eksperata iz razli\u010ditih oblasti, sa namerom da deluje na lokalnom, nacionalnom i internacionalnom nivou i da postane pozitivan faktor dru\u0161tvenog i ekonomskog razvoja u nacionalnim i evropskim okvirima.<\/p>\n<p>Po broju realizovanih i aktuelnih projekata u poslednjih nekoliko godina CDER je najsna\u017enija organizacija u Centralnoj Srbiji i jedna od najve\u0107ih u zemlji.<\/p>\n<p>Korisnici usluga CDER-a su prvenstveno pravna lica (lokalne samouprave, razli\u010dite javne institucije, nevladine organizacije, razvojne agencije, kancelarije za mlade&#8230;), kao i gra\u0111ani, pre svega mladi ljudi.<\/p>\n<p>\u010clanovi organizacije su vode\u0107i nacionalni konsultanti i eksperti iz razli\u010ditih oblasti \u2013 ekonomske, socijalne, omladinske, kulturne politike.<\/p>\n<p>Organizacija trenutno ima 4 stalno zaposlene osobe i preko 10 osoba projektno anga\u017eovanih. Pored toga, u radu CDER-a u\u010destvuje i veliki broj volontera.<\/p>\n<p>Organizacijom rukovodi Upravni odbor, koji ima tri \u010dlana, na \u010delu sa predsednikom Ivanom Mladenovi\u0107em. Direktor organizacije je Darko Dimitrijevi\u0107.<\/p>\n","protected":false},"excerpt":{"rendered":"<p>Centar za dru\u0161tveno ekonomski razvoj \u2013 CDER je nevladina organizacija sa sedi\u0161tem u Jagodini. Osnovana je 2005. godine, na inicijativu kvalifikovanih eksperata iz razli\u010ditih oblasti, sa namerom da deluje na lokalnom, nacionalnom i internacionalnom nivou i da postane pozitivan faktor dru\u0161tvenog i ekonomskog razvoja u nacionalnim i evropskim okvirima. Po broju realizovanih i aktuelnih projekata [&hellip;]<\/p>\n","protected":false},"author":1,"featured_media":0,"parent":0,"menu_order":0,"comment_status":"closed","ping_status":"closed","template":"","meta":{"footnotes":""},"class_list":["post-1048","page","type-page","status-publish","hentry"],"_links":{"self":[{"href":"https:\/\/www.cder.org.rs\/srpski\/wp-json\/wp\/v2\/pages\/1048"}],"collection":[{"href":"https:\/\/www.cder.org.rs\/srpski\/wp-json\/wp\/v2\/pages"}],"about":[{"href":"https:\/\/www.cder.org.rs\/srpski\/wp-json\/wp\/v2\/types\/page"}],"author":[{"embeddable":true,"href":"https:\/\/www.cder.org.rs\/srpski\/wp-json\/wp\/v2\/users\/1"}],"replies":[{"embeddable":true,"href":"https:\/\/www.cder.org.rs\/srpski\/wp-json\/wp\/v2\/comments?post=1048"}],"version-history":[{"count":2,"href":"https:\/\/www.cder.org.rs\/srpski\/wp-json\/wp\/v2\/pages\/1048\/revisions"}],"predecessor-version":[{"id":1050,"href":"https:\/\/www.cder.org.rs\/srpski\/wp-json\/wp\/v2\/pages\/1048\/revisions\/1050"}],"wp:attachment":[{"href":"https:\/\/www.cder.org.rs\/srpski\/wp-json\/wp\/v2\/media?parent=1048"}],"curies":[{"name":"wp","href":"https:\/\/api.w.org\/{rel}","templated":true}]}}