{"id":1232,"date":"2014-08-01T09:55:26","date_gmt":"2014-08-01T09:55:26","guid":{"rendered":"http:\/\/www.cder.org.rs\/srpski\/?page_id=1232"},"modified":"2014-08-02T19:00:50","modified_gmt":"2014-08-02T19:00:50","slug":"delatnosti","status":"publish","type":"page","link":"https:\/\/www.cder.org.rs\/srpski\/delatnosti\/","title":{"rendered":"Delatnosti"},"content":{"rendered":"<p>Radi ostvarivanja svojih ciljeva CDER obavlja slede\u0107e delatnosti:<\/p>\n<ul>\n<li>Prikuplja i usvaja ideje, znanja i dobre prakse koje doprinose pozitivnim dru\u0161tvenim promenama i postizanju odr\u017eivog socio-ekonomskog razvoja;<\/li>\n<\/ul>\n<ul>\n<li>Organizuje i sprovodi stru\u010dna i nau\u010dna istra\u017eivanja;<\/li>\n<\/ul>\n<ul>\n<li>Kreira i realizuje nau\u010dne i stru\u010dne treninge, obuke i seminare i organizuje okrugle stolove, tribine i druge skupove;<\/li>\n<\/ul>\n<ul>\n<li>Razvija inovativne modele obrazovanja i obuka i doprinosi celo\u017eivotnom obrazovanju;<\/li>\n<\/ul>\n<ul>\n<li>Radi na uspostavljanju i razvijanju javnih slu\u017ebi, omladinskih organizacija i servisa, socijalnih usluga i usluga namenjenih razvoju preduzetni\u0161tva;<\/li>\n<\/ul>\n<ul>\n<li>Doprinosi strate\u0161kom i akcionom planiranju lokalnih zajednica, institucija i organizacija, i obavlja monitoring i evaluaciju razli\u010ditih planova, programa, i projekata;<\/li>\n<\/ul>\n<ul>\n<li>Razvija preduzetni\u0161tvo, profesionalnu orijentaciju i karijerno vo\u0111enje;<\/li>\n<\/ul>\n<ul>\n<li>Objavljuje \u0161tampana i multimedijalna izdanja i publikacije, izra\u0111uje filmove, sajtove i radio i TV emisije;<\/li>\n<\/ul>\n<ul>\n<li>Aktivno koristi i promovi\u0161e informacionu tehnologiju i dru\u0161tvene mre\u017ee;<\/li>\n<\/ul>\n<ul>\n<li>Digitalizuje i (re)kontekstualizuje kulturnu i istorijsku ba\u0161tinu;<\/li>\n<\/ul>\n<ul>\n<li>Kreira i organizuje kulturne i umetni\u010dke programe;<\/li>\n<\/ul>\n<ul>\n<li>Istra\u017euje i prenosi vrednosti i prakse iz oblasti o\u010duvanja \u017eivotne sredine svim dru\u0161tveno-ekonomskim \u010diniocima sa kojima sara\u0111uje a posebno mladima;<\/li>\n<\/ul>\n<ul>\n<li>Podsti\u010de primenu ekolo\u0161kih re\u0161enja;<\/li>\n<\/ul>\n<ul>\n<li>Afirmi\u0161e korporativnu dru\u0161tvenu odgovornost kao investiciju u budu\u0107nost;<\/li>\n<\/ul>\n<ul>\n<li>Sara\u0111uje sa drugim organizacijama, institucijama i univerzitetima u zemlji i inostranstvu na ostvarivanju ciljeva organizacije;<\/li>\n<\/ul>\n<ul>\n<li>Preduzima druge aktivnosti u skladu sa Zakonom i Statutom.<\/li>\n<\/ul>\n","protected":false},"excerpt":{"rendered":"<p>Radi ostvarivanja svojih ciljeva CDER obavlja slede\u0107e delatnosti: Prikuplja i usvaja ideje, znanja i dobre prakse koje doprinose pozitivnim dru\u0161tvenim promenama i postizanju odr\u017eivog socio-ekonomskog razvoja; Organizuje i sprovodi stru\u010dna i nau\u010dna istra\u017eivanja; Kreira i realizuje nau\u010dne i stru\u010dne treninge, obuke i seminare i organizuje okrugle stolove, tribine i druge skupove; Razvija inovativne modele obrazovanja [&hellip;]<\/p>\n","protected":false},"author":1,"featured_media":0,"parent":0,"menu_order":0,"comment_status":"closed","ping_status":"closed","template":"","meta":{"footnotes":""},"class_list":["post-1232","page","type-page","status-publish","hentry"],"_links":{"self":[{"href":"https:\/\/www.cder.org.rs\/srpski\/wp-json\/wp\/v2\/pages\/1232"}],"collection":[{"href":"https:\/\/www.cder.org.rs\/srpski\/wp-json\/wp\/v2\/pages"}],"about":[{"href":"https:\/\/www.cder.org.rs\/srpski\/wp-json\/wp\/v2\/types\/page"}],"author":[{"embeddable":true,"href":"https:\/\/www.cder.org.rs\/srpski\/wp-json\/wp\/v2\/users\/1"}],"replies":[{"embeddable":true,"href":"https:\/\/www.cder.org.rs\/srpski\/wp-json\/wp\/v2\/comments?post=1232"}],"version-history":[{"count":3,"href":"https:\/\/www.cder.org.rs\/srpski\/wp-json\/wp\/v2\/pages\/1232\/revisions"}],"predecessor-version":[{"id":1261,"href":"https:\/\/www.cder.org.rs\/srpski\/wp-json\/wp\/v2\/pages\/1232\/revisions\/1261"}],"wp:attachment":[{"href":"https:\/\/www.cder.org.rs\/srpski\/wp-json\/wp\/v2\/media?parent=1232"}],"curies":[{"name":"wp","href":"https:\/\/api.w.org\/{rel}","templated":true}]}}