{"id":1234,"date":"2014-08-01T09:56:23","date_gmt":"2014-08-01T09:56:23","guid":{"rendered":"http:\/\/www.cder.org.rs\/srpski\/?page_id=1234"},"modified":"2014-08-01T09:56:23","modified_gmt":"2014-08-01T09:56:23","slug":"organizaciona-struktura","status":"publish","type":"page","link":"https:\/\/www.cder.org.rs\/srpski\/organizaciona-struktura\/","title":{"rendered":"Organizaciona struktura"},"content":{"rendered":"<p>Najvi\u0161e telo koje odre\u0111uje politiku organizacije jeste skup\u0161tina organizacije koju \u010dine svi \u010dlanovi organizacije. Upravno telo \u010dini upravni odbor od tri \u010dlana koji donosi obavezuju\u0107e operativne odluke ve\u0107inom glasova.<\/p>\n<p>Dnevno operativne zadatke sprovode projektni timovi na \u010delu sa menad\u017eerima ili koordinatorima projekta.<\/p>\n<p>Do sada u praksi, manad\u017eeri ili koordinatori projekta su uvek prisustvovali sastancima upravnog odbora.<\/p>\n","protected":false},"excerpt":{"rendered":"<p>Najvi\u0161e telo koje odre\u0111uje politiku organizacije jeste skup\u0161tina organizacije koju \u010dine svi \u010dlanovi organizacije. Upravno telo \u010dini upravni odbor od tri \u010dlana koji donosi obavezuju\u0107e operativne odluke ve\u0107inom glasova. Dnevno operativne zadatke sprovode projektni timovi na \u010delu sa menad\u017eerima ili koordinatorima projekta. Do sada u praksi, manad\u017eeri ili koordinatori projekta su uvek prisustvovali sastancima upravnog [&hellip;]<\/p>\n","protected":false},"author":1,"featured_media":0,"parent":0,"menu_order":0,"comment_status":"closed","ping_status":"closed","template":"","meta":{"footnotes":""},"class_list":["post-1234","page","type-page","status-publish","hentry"],"_links":{"self":[{"href":"https:\/\/www.cder.org.rs\/srpski\/wp-json\/wp\/v2\/pages\/1234"}],"collection":[{"href":"https:\/\/www.cder.org.rs\/srpski\/wp-json\/wp\/v2\/pages"}],"about":[{"href":"https:\/\/www.cder.org.rs\/srpski\/wp-json\/wp\/v2\/types\/page"}],"author":[{"embeddable":true,"href":"https:\/\/www.cder.org.rs\/srpski\/wp-json\/wp\/v2\/users\/1"}],"replies":[{"embeddable":true,"href":"https:\/\/www.cder.org.rs\/srpski\/wp-json\/wp\/v2\/comments?post=1234"}],"version-history":[{"count":1,"href":"https:\/\/www.cder.org.rs\/srpski\/wp-json\/wp\/v2\/pages\/1234\/revisions"}],"predecessor-version":[{"id":1235,"href":"https:\/\/www.cder.org.rs\/srpski\/wp-json\/wp\/v2\/pages\/1234\/revisions\/1235"}],"wp:attachment":[{"href":"https:\/\/www.cder.org.rs\/srpski\/wp-json\/wp\/v2\/media?parent=1234"}],"curies":[{"name":"wp","href":"https:\/\/api.w.org\/{rel}","templated":true}]}}