{"id":7,"date":"2014-07-21T20:00:17","date_gmt":"2014-07-21T20:00:17","guid":{"rendered":"http:\/\/www.cder.org.rs\/srpski\/?page_id=7"},"modified":"2014-07-26T08:46:05","modified_gmt":"2014-07-26T08:46:05","slug":"socijalna-politika","status":"publish","type":"page","link":"https:\/\/www.cder.org.rs\/srpski\/socijalna-politika\/","title":{"rendered":"Socijalna politika"},"content":{"rendered":"<div id=\"PodnasloviStrane\">Ciljevi<\/div>\n<p><em>Podsticanje socijalnog razvoja kroz razvijanje mre\u017ee standardizovanih i dostupnih socijalnih usluga i obezbe\u0111ivanje materijalne sigurnosti za sve egzistencijalno ugro\u017eene gra\u0111ane.<\/em><\/p>\n<p><em>Stvaranje dru\u0161tva jednakih \u0161ansi za sve kroz socijalnu inkluziju marginalizovanih grupa \u2013 posebno osoba sa invaliditetom uklju\u010duju\u0107i i vojne i civilne invalide rata, starih, izbeglih i interno raseljenih lica, Roma, mladih i dugotrajno nezaposlenih lica.<\/em><\/p>\n<p>&nbsp;<\/p>\n<div id=\"PodnasloviStrane\">Delovanje<\/div>\n<ul>\n<li>UPRAVLJANJE IZRADOM STRATEGIJE RAZVOJA SOCIJALNE ZA\u0160TITE<\/li>\n<\/ul>\n<p>CDER pru\u017ea podr\u0161ku u izradi lokalnih strategija razvoja socijalne za\u0161tite kombinacijom mentorskog vo\u0111enja i odr\u017eavanjem formalnih treninga. Relevantni predstavnici lokalne zajednice (\u010dlanovi radne grupe za izradu akcionog plana) poha\u0111aju tri dvodnevna treninga:<\/p>\n<ol>\n<li>Uvod u strate\u0161ko planiranje i pregled teku\u0107e situacije;<\/li>\n<li>Identifikacija prioriteta i definisanje ciljeva;<\/li>\n<li>Izrada akcionog plana.<\/li>\n<\/ol>\n<p>Pored ovog, stru\u010dni mentor radi na na terenu individualno sa \u010dlanovima radne grupe, odnosno sa pojedincima iz svake tematske grupe koja se naknadno formira iz radne grupe.CDER tim je do sada vodio proces izrade strategije razvoja socijalne za\u0161tite u desetak lokalnih samouprava.<\/p>\n<p>&nbsp;<\/p>\n<ul>\n<li>USPOSTAVLJANJE SOCIJALNIH SERVISA U ZAJEDNICI<\/li>\n<\/ul>\n<p>Usluga obuhvata prakti\u010dne na\u010dine uspostavljanja i izgradnje odr\u017eivosti socijalnih servisa. Dosada\u0161njim radom obuhvatili smo usluge pomo\u0107i u ku\u0107i, kluba za stare, dnevnog boravka za OSI, sociorehabilitacionog servisa podr\u0161ke mladima sa asocijalnim pona\u0161anjem. Do sada je CDER tim pru\u017eio podr\u0161ku projektnom razvoju socijalnih servisa u preko 30 slu\u010dajeva u brojnim op\u0161tinama \u0161irom Srbije.<\/p>\n<p>&nbsp;<\/p>\n<ul>\n<li>IZGRADNJA SERVISA POMO\u0106I U KU\u0106I (PUK) ZA STARA LICA I OSI<\/li>\n<\/ul>\n<p>Obuka ima za cilj:<\/p>\n<ol>\n<li>stru\u010dno osposobljavanje \u2013 prvenstveno gerontodoma\u0107ica \u2013 za rad na pru\u017eanju usluga pomo\u0107i u ku\u0107i starim licima i osobama sa invaliditetom;<\/li>\n<li>\u00a0obezbe\u0111enje funkcionalnih znanja o upravljanju i administriranju rada samog servisa \u0161to (ovo je nemenjeno svim licima anga\u017eovanim na koordiniranju, administriranju, monitoringu i evaluaciji i pru\u017eanju usluga PUK).<\/li>\n<\/ol>\n<p>Obuka se sastoji iz 4 modula i primerena je potrebama radnog osposobljavanja gerontodoma\u0107ica kao i rukovodioca serivsa PUK. Stru\u010dni tim CDER-a je do sada sproveo obuku u preko 30 op\u0161tina u Srbiji.<\/p>\n","protected":false},"excerpt":{"rendered":"<p>Ciljevi Podsticanje socijalnog razvoja kroz razvijanje mre\u017ee standardizovanih i dostupnih socijalnih usluga i obezbe\u0111ivanje materijalne sigurnosti za sve egzistencijalno ugro\u017eene gra\u0111ane. Stvaranje dru\u0161tva jednakih \u0161ansi za sve kroz socijalnu inkluziju marginalizovanih grupa \u2013 posebno osoba sa invaliditetom uklju\u010duju\u0107i i vojne i civilne invalide rata, starih, izbeglih i interno raseljenih lica, Roma, mladih i dugotrajno nezaposlenih [&hellip;]<\/p>\n","protected":false},"author":1,"featured_media":0,"parent":0,"menu_order":0,"comment_status":"closed","ping_status":"closed","template":"","meta":{"footnotes":""},"class_list":["post-7","page","type-page","status-publish","hentry"],"_links":{"self":[{"href":"https:\/\/www.cder.org.rs\/srpski\/wp-json\/wp\/v2\/pages\/7"}],"collection":[{"href":"https:\/\/www.cder.org.rs\/srpski\/wp-json\/wp\/v2\/pages"}],"about":[{"href":"https:\/\/www.cder.org.rs\/srpski\/wp-json\/wp\/v2\/types\/page"}],"author":[{"embeddable":true,"href":"https:\/\/www.cder.org.rs\/srpski\/wp-json\/wp\/v2\/users\/1"}],"replies":[{"embeddable":true,"href":"https:\/\/www.cder.org.rs\/srpski\/wp-json\/wp\/v2\/comments?post=7"}],"version-history":[{"count":12,"href":"https:\/\/www.cder.org.rs\/srpski\/wp-json\/wp\/v2\/pages\/7\/revisions"}],"predecessor-version":[{"id":944,"href":"https:\/\/www.cder.org.rs\/srpski\/wp-json\/wp\/v2\/pages\/7\/revisions\/944"}],"wp:attachment":[{"href":"https:\/\/www.cder.org.rs\/srpski\/wp-json\/wp\/v2\/media?parent=7"}],"curies":[{"name":"wp","href":"https:\/\/api.w.org\/{rel}","templated":true}]}}