{"id":945,"date":"2014-07-26T09:12:55","date_gmt":"2014-07-26T09:12:55","guid":{"rendered":"http:\/\/www.cder.org.rs\/srpski\/?page_id=945"},"modified":"2014-07-26T09:15:56","modified_gmt":"2014-07-26T09:15:56","slug":"ljudska-prava","status":"publish","type":"page","link":"https:\/\/www.cder.org.rs\/srpski\/ljudska-prava\/","title":{"rendered":"Ljudska prava"},"content":{"rendered":"<div id=\"PodnasloviStrane\">Cilj<\/div>\n<p><em>Promocija i za\u0161tita ljudskih prava, borba protiv diskriminacije, \u0161irenje kulture mira, tolerancije, interkulturalnih vrednosti, dijaloga, saradnje i nenasilnog re\u0161avanja sukoba.<\/em><\/p>\n<p>&nbsp;<\/p>\n<div id=\"PodnasloviStrane\">Delovanje<\/div>\n<p>PROMOVISANJE INTERKULTURALNOSTI KROZ KNJI\u017dEVNOST I UMETNOST<\/p>\n<p>Inovativni trening za mlade i profesore srednjih \u0161kola u kojem se umetnost (knji\u017eevnost, film i muzika) koristi u edukativne svrhe. Polaznici se putem primera iz umetnosti, uz metode neformalnog u\u010denja, edukuju da razumeju i promovi\u0161u osnovne interkulturalne vrednosti. Treningom se kod polaznika vr\u0161i ja\u010danje pozitivne svesti o drugim kulturama, razvija ose\u0107aj za toleranciju, razbijaju predrasude i ksenofobija. Tako\u0111e, u\u010desnici tokom kursa razvijaju sposobnosti i u\u010de metode koje ih osna\u017euju da postanu peer edukatori za promociju interkulturalnih vrednosti i podsticanje interkulturalnog dijaloga.<\/p>\n<p><\/br>GRAD KOJI NA(E)STAJE<\/p>\n<p>Tribine i diskusione radionice na kojima se razmatra odnos me\u0111u \u201ero\u0111enim stanovnicima\u201d jednog grada i onima koji su se doselili. Tokom tribina i radionica vr\u0161i se analiza potreba da se drugi sugra\u0111anin \u201eozna\u010di\u201c i podvede pod neki od negativnih stereotipa (\u201edo\u0111o\u0161i\u201d, \u201epre\u010dani\u201d, \u201e\u0161iptari\u201d, \u201ekosovari\u201d, \u201eplaninci\u201d). Vr\u0161i se su\u010deljavanje vrednosnih stavova mladih i starijih, onih koji se ose\u0107aju \u201eurbanim\u201d i onih za koje se tvrdi da su nosioci \u201esuburabanog\u201d i dr. U diskusijama u\u010destvuju profesori gra\u0111anskog vaspitanja, istori\u010dari, sociolozi&#8230;<\/p>\n<p><\/br>INTERKULTURALNI DIJALOG KROZ USTANOVE KULTURE<\/p>\n<p>Originalna \u2019\u2019botom-up\u2019\u2019 inicijativa kroz koju se otvara i vo\u0111i slojeviti, ali prezicno koncipiran interkulturalni dijalog u koji se uklju\u010duje \u010ditava lokalna zajednica. Me\u0111ukulturna razmena koja vodi upoznavanju, razumevanju i prihvatanju \u2019\u2019drugog\u2019\u2019 i izgradnji stabilne i odr\u017eive zajednice, vodi se u ustanovama kulture, ali i u medijima i kroz javnu kampanju.<\/p>\n","protected":false},"excerpt":{"rendered":"<p>Cilj Promocija i za\u0161tita ljudskih prava, borba protiv diskriminacije, \u0161irenje kulture mira, tolerancije, interkulturalnih vrednosti, dijaloga, saradnje i nenasilnog re\u0161avanja sukoba. &nbsp; Delovanje PROMOVISANJE INTERKULTURALNOSTI KROZ KNJI\u017dEVNOST I UMETNOST Inovativni trening za mlade i profesore srednjih \u0161kola u kojem se umetnost (knji\u017eevnost, film i muzika) koristi u edukativne svrhe. Polaznici se putem primera iz umetnosti, [&hellip;]<\/p>\n","protected":false},"author":1,"featured_media":0,"parent":0,"menu_order":0,"comment_status":"closed","ping_status":"closed","template":"","meta":{"footnotes":""},"class_list":["post-945","page","type-page","status-publish","hentry"],"_links":{"self":[{"href":"https:\/\/www.cder.org.rs\/srpski\/wp-json\/wp\/v2\/pages\/945"}],"collection":[{"href":"https:\/\/www.cder.org.rs\/srpski\/wp-json\/wp\/v2\/pages"}],"about":[{"href":"https:\/\/www.cder.org.rs\/srpski\/wp-json\/wp\/v2\/types\/page"}],"author":[{"embeddable":true,"href":"https:\/\/www.cder.org.rs\/srpski\/wp-json\/wp\/v2\/users\/1"}],"replies":[{"embeddable":true,"href":"https:\/\/www.cder.org.rs\/srpski\/wp-json\/wp\/v2\/comments?post=945"}],"version-history":[{"count":6,"href":"https:\/\/www.cder.org.rs\/srpski\/wp-json\/wp\/v2\/pages\/945\/revisions"}],"predecessor-version":[{"id":951,"href":"https:\/\/www.cder.org.rs\/srpski\/wp-json\/wp\/v2\/pages\/945\/revisions\/951"}],"wp:attachment":[{"href":"https:\/\/www.cder.org.rs\/srpski\/wp-json\/wp\/v2\/media?parent=945"}],"curies":[{"name":"wp","href":"https:\/\/api.w.org\/{rel}","templated":true}]}}