{"id":968,"date":"2014-07-28T09:56:05","date_gmt":"2014-07-28T09:56:05","guid":{"rendered":"http:\/\/www.cder.org.rs\/srpski\/?page_id=968"},"modified":"2023-06-01T13:33:22","modified_gmt":"2023-06-01T13:33:22","slug":"partneri","status":"publish","type":"page","link":"https:\/\/www.cder.org.rs\/srpski\/partneri\/","title":{"rendered":"Partneri"},"content":{"rendered":"<p><strong>STRATE\u0160KI PARTNERI<br \/>\n<\/strong>Centralna razvojna inicijativa, Jagodina<br \/>\nNVO Panacea, Beograd<br \/>\nAsocijacija za razvoj op\u0161tine \u017dagubica<br \/>\nMladi poljoprivrednici Srbije, Jagodina<br \/>\n<strong><br \/>\nORGANIZACIJE<br \/>\n<\/strong>International Aid Network, Beograd<br \/>\nOp\u0161te udru\u017eenje preduzetnika (OUP), Leskovac<br \/>\nNVO Edukacioni centar, Leskovac<br \/>\nNVO Edukativni centar, Kru\u0161evac<br \/>\nNVO \u0160ansa, Po\u017earevac<br \/>\nNVO Centralna razvojna inicijativa, Jagodina<br \/>\nNVO Dru\u0161tvo Roma Brani\u010devski okrug, Po\u017earevac<br \/>\nNVO Udru\u017eenje Roma Velika Plana, Velika Plana<br \/>\nNVO Zaje\u010darska inicijativa, Zaje\u010dar<br \/>\nNVO Timo\u010dki omladinski klub, Zaje\u010dar<br \/>\nNVO Omladina JAZAS-a, Kragujevac<br \/>\nNVO Centar za samostalni \u017eivot invalida, Jagodina<br \/>\nNVO De\u010diji Vidici, Para\u0107in<br \/>\nNVO Centar za edukaciju &#8220;Osmeh&#8221;, Vlasotince<br \/>\nNVO Volonterski koraci, Topola<br \/>\nNVO Caritas. Valjevo<br \/>\nDru\u0161tvo za cerebralnu paralizu, Valjevo<br \/>\nUdru\u017eenje &#8221;Sun\u010dev zrak&#8221;, Ra\u017eanj<\/p>\n<p><strong><br \/>\nMRE\u017dE I ASOCIJACIJE<\/strong><br \/>\nMre\u017ea pru\u017ealaca usluga socijalne za\u0161tite u Srbiji &#8211; KONEKTA<br \/>\nAsocijacija malih i srednjih preduze\u0107a i preduzetnika Srbije (APPS)<br \/>\nNacionalna asocijacija prakti\u010dara\/ki omladinskog rada (NAPOR)<br \/>\nKrovna organizacija mladih Srbije (KOMS)<br \/>\nYouth Peer Education Network (Y-PEER)<br \/>\n<strong><br \/>\nGRADOVI I OP\u0160TINE<br \/>\n<\/strong>Grad Jagodina<br \/>\nOp\u0161tina Para\u0107in<br \/>\nOp\u0161tina \u0106uprija<br \/>\nOp\u0161tina Svilajnac<br \/>\nOp\u0161tina Despotovac<br \/>\nOp\u0161tina Rekovac<br \/>\nOp\u0161tina Kur\u0161umlija<br \/>\nOp\u0161tina \u017dabari<br \/>\nOp\u0161tina \u017dagubica<br \/>\nOp\u0161tina \u0106i\u0107evac<br \/>\nOp\u0161tina Boljevac<br \/>\nGrad Valjevo<br \/>\nOp\u0161tina Ra\u017eanj<br \/>\n<strong><br \/>\nKANCELARIJE ZA MLADE<br \/>\n<\/strong>Kancelarija za mlade Velika Plana<br \/>\nKancelarija za mlade Lapovo<br \/>\nKancelarija za mlade Despotovac<br \/>\nKancelarija za mlade \u0106uprija<br \/>\nKancelarija za mlade Svilajnac<br \/>\nKancelarija za mlade Rekovac<br \/>\nKancelarija za mlade Para\u0107in<br \/>\nKancelarija za mlade Varvarin<br \/>\nKancelarija za mlade Aleksandrovac<br \/>\nKancelarija za mlade Aleksinac<br \/>\nKancelarija za mlade Kur\u0161umlija<br \/>\nKancelarija za mlade Knja\u017eevac<br \/>\nKancelarija za mlade Trgovi\u0161te<\/p>\n<p><strong><br \/>\nINSTITUCIJE<br \/>\n<\/strong>Centar za socijalni rad Jagodina<br \/>\nCentar za socijalni rad Para\u0107in<br \/>\nCentar za socijalni rad \u0106uprija<br \/>\nCentar za socijalni rad Svilajnac<br \/>\nCentar za socijalni rad Despotovac<br \/>\nCentar za socijalni rad Rekovac<br \/>\nCentar za socijalni rad \u017dabari<br \/>\nCentar za socijalni rad Bor<br \/>\nCentar za socijalni rad Zaje\u010dar<br \/>\nCentar za socijalni rad Boljevac<br \/>\nCentar za socijalni rad Novi Pazar<br \/>\nCentar za socijalni rad Knja\u017eevac<br \/>\nCentar za socijalni rad Po\u017earevac<br \/>\nCentar za socijalni rad Majdanpek<br \/>\nCentar za socijalni rad Negotin<br \/>\nCentar za socijalni rad Aleksinac<br \/>\nCentar za socijalni rad Ra\u017eanj<br \/>\nCrveni krst Rekovac<br \/>\nCrveni krst Svilajnac<br \/>\nCrveni krst Para\u0107in<br \/>\nCrveni krst \u0106i\u0107evac<br \/>\nNarodna biblioteka Veliko Gradi\u0161te<br \/>\nNarodna biblioteka Jagodina<br \/>\nNarodna biblioteka Bor<br \/>\nMemorijalna galerija Bitke na Drini 1914.<br \/>\nKulturni centar Sopot<\/p>\n<p>&nbsp;<\/p>\n","protected":false},"excerpt":{"rendered":"<p>STRATE\u0160KI PARTNERI Centralna razvojna inicijativa, Jagodina NVO Panacea, Beograd Asocijacija za razvoj op\u0161tine \u017dagubica Mladi poljoprivrednici Srbije, Jagodina ORGANIZACIJE International Aid Network, Beograd Op\u0161te udru\u017eenje preduzetnika (OUP), Leskovac NVO Edukacioni centar, Leskovac NVO Edukativni centar, Kru\u0161evac NVO \u0160ansa, Po\u017earevac NVO Centralna razvojna inicijativa, Jagodina NVO Dru\u0161tvo Roma Brani\u010devski okrug, Po\u017earevac NVO Udru\u017eenje Roma Velika Plana, [&hellip;]<\/p>\n","protected":false},"author":1,"featured_media":0,"parent":0,"menu_order":0,"comment_status":"closed","ping_status":"closed","template":"","meta":{"footnotes":""},"class_list":["post-968","page","type-page","status-publish","hentry"],"_links":{"self":[{"href":"https:\/\/www.cder.org.rs\/srpski\/wp-json\/wp\/v2\/pages\/968"}],"collection":[{"href":"https:\/\/www.cder.org.rs\/srpski\/wp-json\/wp\/v2\/pages"}],"about":[{"href":"https:\/\/www.cder.org.rs\/srpski\/wp-json\/wp\/v2\/types\/page"}],"author":[{"embeddable":true,"href":"https:\/\/www.cder.org.rs\/srpski\/wp-json\/wp\/v2\/users\/1"}],"replies":[{"embeddable":true,"href":"https:\/\/www.cder.org.rs\/srpski\/wp-json\/wp\/v2\/comments?post=968"}],"version-history":[{"count":14,"href":"https:\/\/www.cder.org.rs\/srpski\/wp-json\/wp\/v2\/pages\/968\/revisions"}],"predecessor-version":[{"id":2185,"href":"https:\/\/www.cder.org.rs\/srpski\/wp-json\/wp\/v2\/pages\/968\/revisions\/2185"}],"wp:attachment":[{"href":"https:\/\/www.cder.org.rs\/srpski\/wp-json\/wp\/v2\/media?parent=968"}],"curies":[{"name":"wp","href":"https:\/\/api.w.org\/{rel}","templated":true}]}}